{"id":1735,"date":"2023-03-08T10:39:53","date_gmt":"2023-03-08T10:39:53","guid":{"rendered":"https:\/\/klbtheme.com\/blonwe\/?page_id=1735"},"modified":"2025-10-08T12:21:24","modified_gmt":"2025-10-08T12:21:24","slug":"a-propos","status":"publish","type":"page","link":"https:\/\/chicanimaldz.com\/ar\/a-propos\/","title":{"rendered":"\u0645\u0646 \u0646\u062d\u0646"},"content":{"rendered":"<div data-elementor-type=\"wp-page\" data-elementor-id=\"1735\" class=\"elementor elementor-1735\">\n\t\t\t\t\t\t<section class=\"elementor-section elementor-top-section elementor-element elementor-element-ebab944 elementor-section-full_width elementor-section-height-default elementor-section-height-default\" data-id=\"ebab944\" data-element_type=\"section\">\n\t\t\t\t\t\t<div class=\"elementor-container elementor-column-gap-no\">\n\t\t\t\t\t<div class=\"elementor-column elementor-col-100 elementor-top-column elementor-element elementor-element-43e8c75\" data-id=\"43e8c75\" data-element_type=\"column\">\n\t\t\t<div class=\"elementor-widget-wrap elementor-element-populated\">\n\t\t\t\t\t\t<div class=\"elementor-element elementor-element-9742ef0 elementor-widget elementor-widget-blonwe-page-banner\" data-id=\"9742ef0\" data-element_type=\"widget\" data-widget_type=\"blonwe-page-banner.default\">\n\t\t\t\t<div class=\"elementor-widget-container\">\n\t\t\t\t\t<div class=\"page-header centered large light\"><div class=\"container\"><div class=\"page-header-inner\"><h5 class=\"entry-subtitle\">About Blonwe<\/h5><h1 class=\"entry-title large\">\ud83d\udc3e \u00c0 propos de Chic Animal<\/h1><div class=\"entry-description\"><p><\/p><\/div><\/div><\/div><div class=\"page-header-image overlay-25\"><img decoding=\"async\" src=\"\"><\/div><\/div>\t\t\t\t<\/div>\n\t\t\t\t<\/div>\n\t\t\t\t\t<\/div>\n\t\t<\/div>\n\t\t\t\t\t<\/div>\n\t\t<\/section>\n\t\t\t\t<section class=\"elementor-section elementor-top-section elementor-element elementor-element-a16f7a7 elementor-section-boxed elementor-section-height-default elementor-section-height-default\" data-id=\"a16f7a7\" data-element_type=\"section\">\n\t\t\t\t\t\t<div class=\"elementor-container elementor-column-gap-extended\">\n\t\t\t\t\t<div class=\"elementor-column elementor-col-100 elementor-top-column elementor-element elementor-element-d0cb74d\" data-id=\"d0cb74d\" data-element_type=\"column\">\n\t\t\t<div class=\"elementor-widget-wrap elementor-element-populated\">\n\t\t\t\t\t\t<div class=\"elementor-element elementor-element-bef4b68 elementor-widget-divider--view-line elementor-widget elementor-widget-divider\" data-id=\"bef4b68\" data-element_type=\"widget\" data-widget_type=\"divider.default\">\n\t\t\t\t\t\t\t<div class=\"elementor-divider\">\n\t\t\t<span class=\"elementor-divider-separator\">\n\t\t\t\t\t\t<\/span>\n\t\t<\/div>\n\t\t\t\t\t\t<\/div>\n\t\t\t\t\t<\/div>\n\t\t<\/div>\n\t\t\t\t\t<\/div>\n\t\t<\/section>\n\t\t\t\t<section class=\"elementor-section elementor-top-section elementor-element elementor-element-d3d24ac elementor-section-boxed elementor-section-height-default elementor-section-height-default\" data-id=\"d3d24ac\" data-element_type=\"section\">\n\t\t\t\t\t\t<div class=\"elementor-container elementor-column-gap-extended\">\n\t\t\t\t\t<div class=\"elementor-column elementor-col-100 elementor-top-column elementor-element elementor-element-23f55b8\" data-id=\"23f55b8\" data-element_type=\"column\">\n\t\t\t<div class=\"elementor-widget-wrap elementor-element-populated\">\n\t\t\t\t\t\t<div class=\"elementor-element elementor-element-c3a0842 elementor-widget elementor-widget-image\" data-id=\"c3a0842\" data-element_type=\"widget\" data-widget_type=\"image.default\">\n\t\t\t\t\t\t\t\t\t\t\t\t\t\t\t<img fetchpriority=\"high\" decoding=\"async\" width=\"300\" height=\"300\" src=\"https:\/\/chicanimaldz.com\/wp-content\/uploads\/2025\/10\/IMG_7468-300x300.jpg\" class=\"attachment-woocommerce_thumbnail size-woocommerce_thumbnail wp-image-4586\" alt=\"\" srcset=\"https:\/\/chicanimaldz.com\/wp-content\/uploads\/2025\/10\/IMG_7468-300x300.jpg 300w, https:\/\/chicanimaldz.com\/wp-content\/uploads\/2025\/10\/IMG_7468-150x150.jpg 150w, https:\/\/chicanimaldz.com\/wp-content\/uploads\/2025\/10\/IMG_7468-450x450.jpg 450w\" sizes=\"(max-width: 300px) 100vw, 300px\" \/>\t\t\t\t\t\t\t\t\t\t\t\t\t\t\t<\/div>\n\t\t\t\t\t<\/div>\n\t\t<\/div>\n\t\t\t\t\t<\/div>\n\t\t<\/section>\n\t\t\t\t<section class=\"elementor-section elementor-top-section elementor-element elementor-element-213609b elementor-section-boxed elementor-section-height-default elementor-section-height-default\" data-id=\"213609b\" data-element_type=\"section\">\n\t\t\t\t\t\t<div class=\"elementor-container elementor-column-gap-extended\">\n\t\t\t\t\t<div class=\"elementor-column elementor-col-33 elementor-top-column elementor-element elementor-element-8e60e8e\" data-id=\"8e60e8e\" data-element_type=\"column\">\n\t\t\t<div class=\"elementor-widget-wrap\">\n\t\t\t\t\t\t\t<\/div>\n\t\t<\/div>\n\t\t\t\t<div class=\"elementor-column elementor-col-33 elementor-top-column elementor-element elementor-element-51b11f7\" data-id=\"51b11f7\" data-element_type=\"column\">\n\t\t\t<div class=\"elementor-widget-wrap elementor-element-populated\">\n\t\t\t\t\t\t<div class=\"elementor-element elementor-element-52fc242 elementor-widget elementor-widget-text-editor\" data-id=\"52fc242\" data-element_type=\"widget\" data-widget_type=\"text-editor.default\">\n\t\t\t\t\t\t\t\t\t<p data-start=\"126\" data-end=\"404\">Bienvenue chez <strong data-start=\"141\" data-end=\"156\">Chic Animal<\/strong>, votre boutique sp\u00e9cialis\u00e9e dans le monde des animaux de compagnie \ud83d\udc36\ud83d\udc31.<br data-start=\"229\" data-end=\"232\" \/>Nous proposons une large gamme de <strong data-start=\"266\" data-end=\"291\">produits d\u2019animalerie<\/strong> de qualit\u00e9 pour prendre soin de vos compagnons : alimentation, accessoires, jouets, soins et bien plus encore.<\/p><p data-start=\"406\" data-end=\"622\">Chez <strong data-start=\"411\" data-end=\"426\">Chic Animal<\/strong>, nous aimons nos animaux autant que vous ! C\u2019est pourquoi nous offrons \u00e9galement des <strong data-start=\"512\" data-end=\"542\">chats de race gratuitement<\/strong>, afin de donner une chance \u00e0 chaque famille d\u2019accueillir un adorable compagnon.<\/p><p data-start=\"624\" data-end=\"698\">Nous disposons de <strong data-start=\"642\" data-end=\"659\">deux magasins<\/strong> :<br data-start=\"661\" data-end=\"664\" \/>\ud83d\udccd <strong data-start=\"667\" data-end=\"677\">Draria<\/strong><br data-start=\"677\" data-end=\"680\" \/>\ud83d\udccd <strong data-start=\"683\" data-end=\"696\">El Achour<\/strong><\/p><p data-start=\"700\" data-end=\"836\">Passez nous voir, notre \u00e9quipe se fera un plaisir de vous conseiller et de trouver tout ce qu\u2019il faut pour le bonheur de votre animal.<\/p>\t\t\t\t\t\t\t\t<\/div>\n\t\t\t\t\t<\/div>\n\t\t<\/div>\n\t\t\t\t<div class=\"elementor-column elementor-col-33 elementor-top-column elementor-element elementor-element-1f8902b\" data-id=\"1f8902b\" data-element_type=\"column\">\n\t\t\t<div class=\"elementor-widget-wrap\">\n\t\t\t\t\t\t\t<\/div>\n\t\t<\/div>\n\t\t\t\t\t<\/div>\n\t\t<\/section>\n\t\t\t\t<\/div>","protected":false},"excerpt":{"rendered":"<p>About Blonwe \ud83d\udc3e \u00c0 propos de Chic Animal Bienvenue chez Chic Animal, votre boutique sp\u00e9cialis\u00e9e dans le monde des animaux de compagnie \ud83d\udc36\ud83d\udc31.Nous proposons une large gamme de produits d\u2019animalerie de qualit\u00e9 pour prendre soin de vos compagnons : alimentation, accessoires, jouets, soins et bien plus encore. Chez Chic Animal, nous aimons nos animaux autant<\/p>\n<div class=\"klb-readmore button\"><a class=\"btn link\" href=\"https:\/\/chicanimaldz.com\/ar\/a-propos\/\">Read More <i class=\"klbth-icon-right-arrow\"><\/i><\/a><\/div>","protected":false},"author":1,"featured_media":0,"parent":0,"menu_order":0,"comment_status":"closed","ping_status":"closed","template":"","meta":{"footnotes":""},"class_list":["post-1735","page","type-page","status-publish","hentry"],"_links":{"self":[{"href":"https:\/\/chicanimaldz.com\/ar\/wp-json\/wp\/v2\/pages\/1735","targetHints":{"allow":["GET"]}}],"collection":[{"href":"https:\/\/chicanimaldz.com\/ar\/wp-json\/wp\/v2\/pages"}],"about":[{"href":"https:\/\/chicanimaldz.com\/ar\/wp-json\/wp\/v2\/types\/page"}],"author":[{"embeddable":true,"href":"https:\/\/chicanimaldz.com\/ar\/wp-json\/wp\/v2\/users\/1"}],"replies":[{"embeddable":true,"href":"https:\/\/chicanimaldz.com\/ar\/wp-json\/wp\/v2\/comments?post=1735"}],"version-history":[{"count":5,"href":"https:\/\/chicanimaldz.com\/ar\/wp-json\/wp\/v2\/pages\/1735\/revisions"}],"predecessor-version":[{"id":4589,"href":"https:\/\/chicanimaldz.com\/ar\/wp-json\/wp\/v2\/pages\/1735\/revisions\/4589"}],"wp:attachment":[{"href":"https:\/\/chicanimaldz.com\/ar\/wp-json\/wp\/v2\/media?parent=1735"}],"curies":[{"name":"wp","href":"https:\/\/api.w.org\/{rel}","templated":true}]}}