{"id":4721,"date":"2025-10-15T12:47:06","date_gmt":"2025-10-15T12:47:06","guid":{"rendered":"https:\/\/chicanimaldz.com\/?post_type=product&#038;p=4721"},"modified":"2025-10-15T12:47:07","modified_gmt":"2025-10-15T12:47:07","slug":"sac-a-dos-pour-chat-et-chien-gm","status":"publish","type":"product","link":"https:\/\/chicanimaldz.com\/ar\/product\/sac-a-dos-pour-chat-et-chien-gm\/","title":{"rendered":"Sac \u00e0 dos pour chat et chien gm"},"content":{"rendered":"<p>Sac a dos moderne tr\u00e8s classe et tr\u00e8s spacieux pour votre animaux de compagnie<\/p>","protected":false},"excerpt":{"rendered":"<p>Sac a dos moderne tr\u00e8s classe et tr\u00e8s spacieux pour votre animaux de compagnie<\/p>","protected":false},"featured_media":4722,"comment_status":"open","ping_status":"closed","template":"","meta":[],"product_brand":[],"product_cat":[58,28],"product_tag":[],"class_list":{"0":"post-4721","1":"product","2":"type-product","3":"status-publish","4":"has-post-thumbnail","6":"product_cat-accessoires","7":"product_cat-chat","9":"first","10":"instock","11":"shipping-taxable","12":"purchasable","13":"product-type-simple"},"_links":{"self":[{"href":"https:\/\/chicanimaldz.com\/ar\/wp-json\/wp\/v2\/product\/4721","targetHints":{"allow":["GET"]}}],"collection":[{"href":"https:\/\/chicanimaldz.com\/ar\/wp-json\/wp\/v2\/product"}],"about":[{"href":"https:\/\/chicanimaldz.com\/ar\/wp-json\/wp\/v2\/types\/product"}],"replies":[{"embeddable":true,"href":"https:\/\/chicanimaldz.com\/ar\/wp-json\/wp\/v2\/comments?post=4721"}],"wp:featuredmedia":[{"embeddable":true,"href":"https:\/\/chicanimaldz.com\/ar\/wp-json\/wp\/v2\/media\/4722"}],"wp:attachment":[{"href":"https:\/\/chicanimaldz.com\/ar\/wp-json\/wp\/v2\/media?parent=4721"}],"wp:term":[{"taxonomy":"product_brand","embeddable":true,"href":"https:\/\/chicanimaldz.com\/ar\/wp-json\/wp\/v2\/product_brand?post=4721"},{"taxonomy":"product_cat","embeddable":true,"href":"https:\/\/chicanimaldz.com\/ar\/wp-json\/wp\/v2\/product_cat?post=4721"},{"taxonomy":"product_tag","embeddable":true,"href":"https:\/\/chicanimaldz.com\/ar\/wp-json\/wp\/v2\/product_tag?post=4721"}],"curies":[{"name":"wp","href":"https:\/\/api.w.org\/{rel}","templated":true}]}}