{"id":4773,"date":"2025-10-15T14:54:56","date_gmt":"2025-10-15T14:54:56","guid":{"rendered":"https:\/\/chicanimaldz.com\/?post_type=product&#038;p=4773"},"modified":"2025-10-15T14:54:56","modified_gmt":"2025-10-15T14:54:56","slug":"bouet-de-jeux-pour-chats-mm","status":"publish","type":"product","link":"https:\/\/chicanimaldz.com\/ar\/product\/bouet-de-jeux-pour-chats-mm\/","title":{"rendered":"Bouet de jeux pour chats mm"},"content":{"rendered":"<p>Tapis de jeu sensoriel d&rsquo;eau tapis d&rsquo;eau gonflable \u00e9paissi pour chat et chien tapis de jeu pour animaux de compagnie avec poisson mer oc\u00e9an th\u00e8me jouet sensoriel eau<\/p>\n<blockquote><p>dimension 65cm<\/p><\/blockquote>","protected":false},"excerpt":{"rendered":"<p>Tapis de jeu sensoriel d&rsquo;eau tapis d&rsquo;eau gonflable \u00e9paissi pour chat et chien tapis de jeu pour animaux de compagnie avec poisson mer oc\u00e9an th\u00e8me jouet sensoriel eau dimension 65cm<\/p>","protected":false},"featured_media":4772,"comment_status":"open","ping_status":"closed","template":"","meta":[],"product_brand":[],"product_cat":[58,28],"product_tag":[],"class_list":{"0":"post-4773","1":"product","2":"type-product","3":"status-publish","4":"has-post-thumbnail","6":"product_cat-accessoires","7":"product_cat-chat","9":"first","10":"instock","11":"shipping-taxable","12":"purchasable","13":"product-type-simple"},"_links":{"self":[{"href":"https:\/\/chicanimaldz.com\/ar\/wp-json\/wp\/v2\/product\/4773","targetHints":{"allow":["GET"]}}],"collection":[{"href":"https:\/\/chicanimaldz.com\/ar\/wp-json\/wp\/v2\/product"}],"about":[{"href":"https:\/\/chicanimaldz.com\/ar\/wp-json\/wp\/v2\/types\/product"}],"replies":[{"embeddable":true,"href":"https:\/\/chicanimaldz.com\/ar\/wp-json\/wp\/v2\/comments?post=4773"}],"wp:featuredmedia":[{"embeddable":true,"href":"https:\/\/chicanimaldz.com\/ar\/wp-json\/wp\/v2\/media\/4772"}],"wp:attachment":[{"href":"https:\/\/chicanimaldz.com\/ar\/wp-json\/wp\/v2\/media?parent=4773"}],"wp:term":[{"taxonomy":"product_brand","embeddable":true,"href":"https:\/\/chicanimaldz.com\/ar\/wp-json\/wp\/v2\/product_brand?post=4773"},{"taxonomy":"product_cat","embeddable":true,"href":"https:\/\/chicanimaldz.com\/ar\/wp-json\/wp\/v2\/product_cat?post=4773"},{"taxonomy":"product_tag","embeddable":true,"href":"https:\/\/chicanimaldz.com\/ar\/wp-json\/wp\/v2\/product_tag?post=4773"}],"curies":[{"name":"wp","href":"https:\/\/api.w.org\/{rel}","templated":true}]}}